{"id":5,"date":"2023-04-02T17:37:21","date_gmt":"2023-04-02T15:37:21","guid":{"rendered":"https:\/\/antik-fuvar.com\/antik\/home\/"},"modified":"2023-06-05T22:02:31","modified_gmt":"2023-06-05T20:02:31","slug":"home","status":"publish","type":"page","link":"https:\/\/antik-fuvar.com\/antik\/","title":{"rendered":""},"content":{"rendered":"\n<div class=\"wp-block-cover alignfull\" style=\"min-height:750px\"><span aria-hidden=\"true\" class=\"wp-block-cover__background has-background-dim-80 has-background-dim\" style=\"background-color:#171717\"><\/span><img decoding=\"async\" loading=\"lazy\" width=\"1000\" height=\"1000\" class=\"wp-block-cover__image-background wp-image-160\" alt=\"\" src=\"https:\/\/antik-fuvar.com\/antik\/wp-content\/uploads\/sites\/3\/2023\/04\/Kiunt_1000x1000.jpg\" data-object-fit=\"cover\" srcset=\"https:\/\/antik-fuvar.com\/antik\/wp-content\/uploads\/sites\/3\/2023\/04\/Kiunt_1000x1000.jpg 1000w, https:\/\/antik-fuvar.com\/antik\/wp-content\/uploads\/sites\/3\/2023\/04\/Kiunt_1000x1000-300x300.jpg 300w, https:\/\/antik-fuvar.com\/antik\/wp-content\/uploads\/sites\/3\/2023\/04\/Kiunt_1000x1000-150x150.jpg 150w, https:\/\/antik-fuvar.com\/antik\/wp-content\/uploads\/sites\/3\/2023\/04\/Kiunt_1000x1000-768x768.jpg 768w\" sizes=\"(max-width: 1000px) 100vw, 1000px\" \/><div class=\"wp-block-cover__inner-container\">\n<div class=\"wp-block-columns alignwide are-vertically-aligned-center is-layout-flex wp-container-3\">\n<div class=\"wp-block-column is-vertically-aligned-center is-layout-flow\" style=\"flex-basis:50%\">\n<h1 class=\"wp-block-heading has-text-color\" style=\"color:#ffffff\">Antikvit\u00e1s ad\u00e1s-v\u00e9tel, \u00e9rt\u00e9kbecsl\u00e9s, hagyat\u00e9kkezel\u00e9s<\/h1>\n\n\n\n<p>Kedves leend\u0151 \u00dcgyfel\u00fcnk!<br><br>20 \u00e9ves gy\u0171jt\u0151i h\u00e1tt\u00e9rrel v\u00e1llaljuk antik t\u00e1rgyak \u00e9rt\u00e9kbecsl\u00e9s\u00e9t, els\u0151sorban:<br>milit\u00e1ria, kit\u00fcntet\u00e9sek, \u00e9rm\u00e9k, pap\u00edrp\u00e9nzek, nemesf\u00e9m t\u00e1rgyak, d\u00edszt\u00e1rgyak, \u00e9kszerek, porcel\u00e1nok, ker\u00e1mi\u00e1k ter\u00fclet\u00e9n, teljes gy\u0171jtem\u00e9nyek \u00e9s hagyat\u00e9kok felv\u00e1s\u00e1rl\u00e1s\u00e1t, ak\u00e1r lak\u00e1ski\u00fcr\u00edt\u00e9ssel, opcion\u00e1lisan takar\u00edt\u00e1ssal is!<\/p>\n\n\n\n<div class=\"wp-block-buttons is-layout-flex\">\n<div class=\"wp-block-button\"><a class=\"wp-block-button__link wp-element-button\" href=\"tel:+36 70 424 14 72\" style=\"border-radius:50px\">+36 70 424 1472<\/a><\/div>\n\n\n\n<div class=\"wp-block-button\"><a class=\"wp-block-button__link wp-element-button\" href=\"mailto:antik@antik-fuvar.com\" style=\"border-radius:50px\">antik@antik-fuvar.com<\/a><\/div>\n<\/div>\n<\/div>\n<\/div>\n<\/div><\/div>\n\n\n\n<div class=\"inherit-container-width wp-block-group alignfull has-background is-layout-constrained\" style=\"background-color:#171717\">\n<h2 class=\"wp-block-heading has-text-align-center has-text-color\" style=\"color:#ffffff\">Kateg\u00f3ri\u00e1k<\/h2>\n\n\n\n<div class=\"wp-block-columns alignwide is-layout-flex wp-container-10\">\n<div class=\"wp-block-column is-layout-flow\">\n<figure class=\"wp-block-image alignfull size-full is-style-default\"><img decoding=\"async\" loading=\"lazy\" width=\"250\" height=\"250\" src=\"https:\/\/antik-fuvar.com\/antik\/wp-content\/uploads\/sites\/3\/2023\/04\/gyuru.png\" alt=\"\" class=\"wp-image-206\" srcset=\"https:\/\/antik-fuvar.com\/antik\/wp-content\/uploads\/sites\/3\/2023\/04\/gyuru.png 250w, https:\/\/antik-fuvar.com\/antik\/wp-content\/uploads\/sites\/3\/2023\/04\/gyuru-150x150.png 150w\" sizes=\"(max-width: 250px) 100vw, 250px\" \/><\/figure>\n\n\n\n<h4 class=\"wp-block-heading has-text-align-center has-text-color\" style=\"color:#ffffff\"><strong>\u00c9kszerek<\/strong><\/h4>\n\n\n\n<p class=\"has-text-align-center has-text-color\" style=\"color:#d7d7d7\">V\u00e1s\u00e1rolunk arany \u00e9s ez\u00fcst \u00e9kszereket. Azonban jelenleg a piacot el\u00e1raszt\u00f3 modern aranyakra, mint pl. m\u00e1solt Versace fazon nem tartunk ig\u00e9nyt! Els\u0151sorban hazai, magyar f\u00e9mjeles \u00e9kszereket keres\u00fcnk.<br><br><\/p>\n<\/div>\n\n\n\n<div class=\"wp-block-column is-layout-flow\">\n<figure class=\"wp-block-image alignfull size-full is-style-default\"><img decoding=\"async\" loading=\"lazy\" width=\"250\" height=\"250\" src=\"https:\/\/antik-fuvar.com\/antik\/wp-content\/uploads\/sites\/3\/2023\/04\/pengo.png\" alt=\"\" class=\"wp-image-207\" srcset=\"https:\/\/antik-fuvar.com\/antik\/wp-content\/uploads\/sites\/3\/2023\/04\/pengo.png 250w, https:\/\/antik-fuvar.com\/antik\/wp-content\/uploads\/sites\/3\/2023\/04\/pengo-150x150.png 150w\" sizes=\"(max-width: 250px) 100vw, 250px\" \/><\/figure>\n\n\n\n<h4 class=\"wp-block-heading has-text-align-center has-text-color\" style=\"color:#ffffff\">\u00c9rm\u00e9k, pap\u00edrp\u00e9nzek<\/h4>\n\n\n\n<p class=\"has-text-align-center has-text-color\" style=\"color:#d7d7d7\">V\u00e1s\u00e1rolunk a numizmatikai anyagokat, gy\u0171jtem\u00e9nyeket:<br><br>-\u00e9rm\u00e9ket<br>-pap\u00edrp\u00e9nzeket<br><br>Az \u00f3kort\u00f3l napjainkig bez\u00e1r\u00f3lag.<br><br>Teljes gy\u0171jtem\u00e9nyek \u00e9s hagyat\u00e9kok eset\u00e9ben is d\u00edjtalan a kisz\u00e1ll\u00e1s!<\/p>\n<\/div>\n\n\n\n<div class=\"wp-block-column is-layout-flow\">\n<figure class=\"wp-block-image alignfull size-full is-style-default\"><img decoding=\"async\" loading=\"lazy\" width=\"683\" height=\"512\" src=\"https:\/\/antik-fuvar.com\/antik\/wp-content\/uploads\/sites\/3\/2023\/04\/pexels-rodnae-productions-7947663-_1_-_2_-3-edited.jpg\" alt=\"\" class=\"wp-image-129\" srcset=\"https:\/\/antik-fuvar.com\/antik\/wp-content\/uploads\/sites\/3\/2023\/04\/pexels-rodnae-productions-7947663-_1_-_2_-3-edited.jpg 683w, https:\/\/antik-fuvar.com\/antik\/wp-content\/uploads\/sites\/3\/2023\/04\/pexels-rodnae-productions-7947663-_1_-_2_-3-edited-300x225.jpg 300w\" sizes=\"(max-width: 683px) 100vw, 683px\" \/><\/figure>\n\n\n\n<h4 class=\"wp-block-heading has-text-align-center has-text-color\" style=\"color:#ffffff\"><br><br><strong>\u00c9rt\u00e9kbecsl\u00e9s<\/strong> <\/h4>\n\n\n\n<p class=\"has-text-align-center has-text-color\" style=\"color:#d7d7d7\">T\u00e1rgyait, \u00e9rt\u00e9keit t\u00f6bb \u00e9vtizedes akt\u00edv gy\u0171jt\u0151i h\u00e1tt\u00e9rrel, d\u00edj ellen\u00e9ben felbecs\u00fclj\u00fck, ehhez min\u0151s\u00e9gi, r\u00e9szletes f\u00e9nyk\u00e9pekre lesz sz\u00fcks\u00e9g\u00fcnk. Amennyiben \u00d6nnek k\u00e9nyelmesebb, teljes gy\u0171jtem\u00e9nyek \u00e9s hagyat\u00e9kok eset\u00e9ben d\u00edjtalanul kisz\u00e1llunk, amennyiben k\u00e9szp\u00e9nzre v\u00e1ltan\u00e1 r\u00e9gis\u00e9geit!<br><br><\/p>\n<\/div>\n\n\n\n<div class=\"wp-block-column is-layout-flow\">\n<figure class=\"wp-block-gallery alignfull has-nested-images columns-default is-cropped wp-block-gallery-7 is-layout-flex\">\n<figure class=\"wp-block-image size-full is-style-default\"><img decoding=\"async\" loading=\"lazy\" width=\"300\" height=\"300\" src=\"https:\/\/antik-fuvar.com\/antik\/wp-content\/uploads\/sites\/3\/2023\/05\/300x300.jpg\" alt=\"\" class=\"wp-image-270\" srcset=\"https:\/\/antik-fuvar.com\/antik\/wp-content\/uploads\/sites\/3\/2023\/05\/300x300.jpg 300w, https:\/\/antik-fuvar.com\/antik\/wp-content\/uploads\/sites\/3\/2023\/05\/300x300-150x150.jpg 150w\" sizes=\"(max-width: 300px) 100vw, 300px\" \/><\/figure>\n<\/figure>\n\n\n\n<p><\/p>\n\n\n\n<h4 class=\"wp-block-heading has-text-align-center has-text-color\" style=\"color:#ffffff\">Hagyat\u00e9ki lak\u00e1ski\u00fcr\u00edt\u00e9s<\/h4>\n\n\n\n<p class=\"has-text-align-center has-text-color\" style=\"color:#d7d7d7\">Kedves leend\u0151 \u00dcgyfel\u00fcnk!<br><br>20 \u00e9ves gy\u0171jt\u0151i h\u00e1tt\u00e9rrel v\u00e1llaljuk antik t\u00e1rgyak \u00e9rt\u00e9kbecsl\u00e9s\u00e9t, els\u0151sorban milit\u00e1ria, kit\u00fcntet\u00e9sek, \u00e9rm\u00e9k, pap\u00edrp\u00e9nzek, nemesf\u00e9m t\u00e1rgyak, d\u00edszt\u00e1rgyak, \u00e9kszerek, porcel\u00e1nok, ker\u00e1mi\u00e1k ter\u00fclet\u00e9n, teljes gy\u0171jtem\u00e9nyek \u00e9s hagyat\u00e9kok felv\u00e1s\u00e1rl\u00e1s\u00e1t, ak\u00e1r lak\u00e1ski\u00fcr\u00edt\u00e9ssel, opcion\u00e1lisan takar\u00edt\u00e1ssal is!<\/p>\n<\/div>\n<\/div>\n<\/div>\n\n\n\n<div class=\"inherit-container-width wp-block-group alignfull has-background is-layout-constrained\" style=\"background-color:#171717\">\n<div class=\"wp-block-columns alignwide is-layout-flex wp-container-16\">\n<div class=\"wp-block-column is-layout-flow\">\n<figure class=\"wp-block-image alignfull size-full is-style-default\"><img decoding=\"async\" loading=\"lazy\" width=\"250\" height=\"250\" src=\"https:\/\/antik-fuvar.com\/antik\/wp-content\/uploads\/sites\/3\/2023\/04\/kitunti.png\" alt=\"\" class=\"wp-image-208\" srcset=\"https:\/\/antik-fuvar.com\/antik\/wp-content\/uploads\/sites\/3\/2023\/04\/kitunti.png 250w, https:\/\/antik-fuvar.com\/antik\/wp-content\/uploads\/sites\/3\/2023\/04\/kitunti-150x150.png 150w\" sizes=\"(max-width: 250px) 100vw, 250px\" \/><\/figure>\n\n\n\n<h4 class=\"wp-block-heading has-text-align-center has-text-color\" style=\"color:#ffffff\">Kit\u00fcntet\u00e9sek<\/h4>\n\n\n\n<p class=\"has-text-align-center has-text-color\" style=\"color:#d7d7d7\"><br>V\u00e1s\u00e1rolunk kit\u00fcntet\u00e9seket;<br><br>-jelv\u00e9nyeket<br>-plaketteket<br>-adom\u00e1nyoz\u00f3 pap\u00edrokat<br>-visel\u00e9si igazolv\u00e1nyokat<br>-\u00fcres tokokat\/dobozokat<br>a r\u00e9gm\u00faltt\u00f3l eg\u00e9szen napjainkig bez\u00e1r\u00f3lag, k\u00fclf\u00f6ldi vonatkoz\u00e1s\u00fa darabokat is!<br><br>Teljes gy\u0171jtem\u00e9nyek \u00e9s hagyat\u00e9kok eset\u00e9ben is d\u00edjtalan a kisz\u00e1ll\u00e1s!<br><br>K\u00e9rem, ha a le\u00edr\u00e1snak megfelel\u0151 t\u00e1rggyal rendelkezik \u00e9s k\u00e9szp\u00e9nzre szeretn\u00e9 v\u00e1ltani, vegye fel vel\u00fcnk a kapcsolatot el\u00e9rhet\u0151s\u00e9geink egyik\u00e9n, valamint a gyorsabb \u00fcgyint\u00e9z\u00e9s \u00e9rdek\u00e9ben ha m\u00f3dja van r\u00e1 sz\u00edveskedjen mell\u00e9kelni r\u00f3la f\u00e9nyk\u00e9pet!<br><br><\/p>\n<\/div>\n\n\n\n<div class=\"wp-block-column is-layout-flow\">\n<figure class=\"wp-block-image alignfull size-full is-style-default\"><img decoding=\"async\" loading=\"lazy\" width=\"250\" height=\"250\" src=\"https:\/\/antik-fuvar.com\/antik\/wp-content\/uploads\/sites\/3\/2023\/04\/rohams.png\" alt=\"\" class=\"wp-image-209\" srcset=\"https:\/\/antik-fuvar.com\/antik\/wp-content\/uploads\/sites\/3\/2023\/04\/rohams.png 250w, https:\/\/antik-fuvar.com\/antik\/wp-content\/uploads\/sites\/3\/2023\/04\/rohams-150x150.png 150w\" sizes=\"(max-width: 250px) 100vw, 250px\" \/><\/figure>\n\n\n\n<h4 class=\"wp-block-heading has-text-align-center has-text-color\" style=\"color:#ffffff\">Milit\u00e1ria<\/h4>\n\n\n\n<p class=\"has-text-align-center has-text-color\" style=\"color:#d7d7d7\"><br>V\u00e1s\u00e1rolunk katonai vonatkoz\u00e1s\u00fa t\u00e1rgyakat:<br><br>-kit\u00fcntet\u00e9seket<br>-jelv\u00e9nyeket<br>-plaketteket<br><br>els\u0151sorban 1957 el\u0151tti egyenruh\u00e1kat, felszerel\u00e9si t\u00e1rgyakat: -rohamsisakokat<br>-bajonetteket<br>-kardokat<br>-front\/hadifogoly munk\u00e1kat<br>-igazolv\u00e1nyokat<br>-adom\u00e1nyoz\u00f3 pap\u00edrokat<br>-f\u00e9nyk\u00e9peket<br>b\u00e1rmilyen katonai t\u00e1rgyat!<br><br>Teljes gy\u0171jtem\u00e9nyek \u00e9s hagyat\u00e9kok eset\u00e9ben is d\u00edjtalan a kisz\u00e1ll\u00e1s!<br><br>K\u00e9rem, ha a le\u00edr\u00e1snak megfelel\u0151 t\u00e1rggyal rendelkezik \u00e9s k\u00e9szp\u00e9nzre szeretn\u00e9 v\u00e1ltani, vegye fel vel\u00fcnk a kapcsolatot el\u00e9rhet\u0151s\u00e9geink egyik\u00e9n, valamint a gyorsabb \u00fcgyint\u00e9z\u00e9s \u00e9rdek\u00e9ben ha m\u00f3dja van r\u00e1 sz\u00edveskedjen mell\u00e9kelni r\u00f3la f\u00e9nyk\u00e9pet!<br><br><br><\/p>\n<\/div>\n\n\n\n<div class=\"wp-block-column is-layout-flow\">\n<figure class=\"wp-block-image alignfull size-full is-style-default\"><img decoding=\"async\" loading=\"lazy\" width=\"250\" height=\"250\" src=\"https:\/\/antik-fuvar.com\/antik\/wp-content\/uploads\/sites\/3\/2023\/04\/femtargy.png\" alt=\"\" class=\"wp-image-210\" srcset=\"https:\/\/antik-fuvar.com\/antik\/wp-content\/uploads\/sites\/3\/2023\/04\/femtargy.png 250w, https:\/\/antik-fuvar.com\/antik\/wp-content\/uploads\/sites\/3\/2023\/04\/femtargy-150x150.png 150w\" sizes=\"(max-width: 250px) 100vw, 250px\" \/><\/figure>\n\n\n\n<h4 class=\"wp-block-heading has-text-align-center has-text-color\" style=\"color:#ffffff\">Nemesf\u00e9m-<br>\u00e9s d\u00edszt\u00e1rgyak<\/h4>\n\n\n\n<p class=\"has-text-align-center has-text-color\" style=\"color:#d7d7d7\">V\u00e1s\u00e1rolunk k\u00fcl\u00f6nb\u00f6z\u0151, els\u0151sorban rendszerv\u00e1lt\u00e1s el\u0151tti nemesf\u00e9m, \u00e9s d\u00edszt\u00e1rgyakat.<br><br>K\u00e9rem, ha a le\u00edr\u00e1snak megfelel\u0151 t\u00e1rggyal rendelkezik \u00e9s k\u00e9szp\u00e9nzre szeretn\u00e9 v\u00e1ltani, vegye fel vel\u00fcnk a kapcsolatot el\u00e9rhet\u0151s\u00e9geink egyik\u00e9n, valamint a gyorsabb \u00fcgyint\u00e9z\u00e9s \u00e9rdek\u00e9ben ha m\u00f3dja van r\u00e1 sz\u00edveskedjen mell\u00e9kelni r\u00f3la f\u00e9nyk\u00e9pet!<\/p>\n<\/div>\n\n\n\n<div class=\"wp-block-column is-layout-flow\">\n<figure class=\"wp-block-image alignfull size-full is-style-default\"><img decoding=\"async\" loading=\"lazy\" width=\"250\" height=\"250\" src=\"https:\/\/antik-fuvar.com\/antik\/wp-content\/uploads\/sites\/3\/2023\/04\/porcelan1.png\" alt=\"\" class=\"wp-image-211\" srcset=\"https:\/\/antik-fuvar.com\/antik\/wp-content\/uploads\/sites\/3\/2023\/04\/porcelan1.png 250w, https:\/\/antik-fuvar.com\/antik\/wp-content\/uploads\/sites\/3\/2023\/04\/porcelan1-150x150.png 150w\" sizes=\"(max-width: 250px) 100vw, 250px\" \/><\/figure>\n\n\n\n<h4 class=\"wp-block-heading has-text-align-center has-text-color\" style=\"color:#ffffff\">Porcel\u00e1nok, ker\u00e1mi\u00e1k<\/h4>\n\n\n\n<p class=\"has-text-align-center has-text-color\" style=\"color:#d7d7d7\"><br>V\u00e1s\u00e1rolunk k\u00fcl\u00f6nb\u00f6z\u0151 porcel\u00e1nokat, \u00e9s ker\u00e1mi\u00e1kat, mint pl.: Zsolnay, Herendi, Gorka, Kov\u00e1cs Margit stb., valamint nemzetk\u00f6zi h\u00edrnev\u0171 porcel\u00e1n \u00e9s ker\u00e1mia t\u00e1rgyakat, mint p\u00e9ld\u00e1ul: Meissen, Goldscheider stb. <br><br>K\u00e9rem, ha a le\u00edr\u00e1snak megfelel\u0151 t\u00e1rggyal rendelkezik \u00e9s k\u00e9szp\u00e9nzre szeretn\u00e9 v\u00e1ltani, vegye fel vel\u00fcnk a kapcsolatot el\u00e9rhet\u0151s\u00e9geink egyik\u00e9n, valamint a gyorsabb \u00fcgyint\u00e9z\u00e9s \u00e9rdek\u00e9ben ha m\u00f3dja van r\u00e1 sz\u00edveskedjen mell\u00e9kelni r\u00f3la f\u00e9nyk\u00e9pet!<\/p>\n<\/div>\n<\/div>\n<\/div>\n\n\n\t\t\t\t\t<div\n\t\t\t\t\t\tclass=\"wp-block-uagb-image-gallery uagb-block-c407e0a0     \"\n\t\t\t\t\t\tstyle=\"\"\n\t\t\t\t\t>\n\t\t\t\t\t\t\t\t\t\t\t<div class=\"spectra-image-gallery spectra-image-gallery__layout--carousel\">\n\t\t\t\t\t\t\t\t<div class=\"uagb-slick-carousel uagb-block-c407e0a0\">\n\t\t\t\t\t\t\t\t\t\t\t\t<div class='spectra-image-gallery__media-wrapper' data-spectra-gallery-image-id='275'>\n\t\t\t\t\t\t\t<div class=\"spectra-image-gallery__media spectra-image-gallery__media--carousel\">\n\t\t\t\t<picture>\n\t\t\t\t\t<source media=\"(min-width: 1024px)\" srcset=\"https:\/\/antik-fuvar.com\/antik\/wp-content\/uploads\/sites\/3\/2023\/06\/gyuru1.png\">\n\t\t\t\t\t<source media=\"(min-width: 768px)\" srcset=\"https:\/\/antik-fuvar.com\/antik\/wp-content\/uploads\/sites\/3\/2023\/06\/gyuru1.png\">\n\t\t\t\t\t<img decoding=\"async\" class=\"spectra-image-gallery__media-thumbnail spectra-image-gallery__media-thumbnail--carousel\" src=\"https:\/\/antik-fuvar.com\/antik\/wp-content\/uploads\/sites\/3\/2023\/06\/gyuru1.png\" alt=\"\" loading=\"lazy\" \/>\n\t\t\t\t<\/picture>\n\t\t\t\t<div class=\"spectra-image-gallery__media-thumbnail-blurrer\"><\/div>\n\t\t\t\t\t\t\t\t\t\t\t<div class=\"spectra-image-gallery__media-thumbnail-caption-wrapper spectra-image-gallery__media-thumbnail-caption-wrapper--overlay\">\n\t\t\t\t\t\t\t\t\t\t\t<div class=\"spectra-image-gallery__media-thumbnail-caption spectra-image-gallery__media-thumbnail-caption--overlay\">\n\t\t\t\t\t\u00c9kszerek\t\t\t\t<\/div>\n\t\t\t\t\t\t\t\t\t\t<\/div>\n\t\t\t\t\t\t\t\t\t<\/div>\n\t\t\t\t\t\t<\/div>\n\t\t\t\t\t\t<div class='spectra-image-gallery__media-wrapper' data-spectra-gallery-image-id='274'>\n\t\t\t\t\t\t\t<div class=\"spectra-image-gallery__media spectra-image-gallery__media--carousel\">\n\t\t\t\t<picture>\n\t\t\t\t\t<source media=\"(min-width: 1024px)\" srcset=\"https:\/\/antik-fuvar.com\/antik\/wp-content\/uploads\/sites\/3\/2023\/06\/pengo1.png\">\n\t\t\t\t\t<source media=\"(min-width: 768px)\" srcset=\"https:\/\/antik-fuvar.com\/antik\/wp-content\/uploads\/sites\/3\/2023\/06\/pengo1.png\">\n\t\t\t\t\t<img decoding=\"async\" class=\"spectra-image-gallery__media-thumbnail spectra-image-gallery__media-thumbnail--carousel\" src=\"https:\/\/antik-fuvar.com\/antik\/wp-content\/uploads\/sites\/3\/2023\/06\/pengo1.png\" alt=\"\" loading=\"lazy\" \/>\n\t\t\t\t<\/picture>\n\t\t\t\t<div class=\"spectra-image-gallery__media-thumbnail-blurrer\"><\/div>\n\t\t\t\t\t\t\t\t\t\t\t<div class=\"spectra-image-gallery__media-thumbnail-caption-wrapper spectra-image-gallery__media-thumbnail-caption-wrapper--overlay\">\n\t\t\t\t\t\t\t\t\t\t\t<div class=\"spectra-image-gallery__media-thumbnail-caption spectra-image-gallery__media-thumbnail-caption--overlay\">\n\t\t\t\t\t\u00c9rm\u00e9k, pap\u00edrp\u00e9nzek\t\t\t\t<\/div>\n\t\t\t\t\t\t\t\t\t\t<\/div>\n\t\t\t\t\t\t\t\t\t<\/div>\n\t\t\t\t\t\t<\/div>\n\t\t\t\t\t\t<div class='spectra-image-gallery__media-wrapper' data-spectra-gallery-image-id='276'>\n\t\t\t\t\t\t\t<div class=\"spectra-image-gallery__media spectra-image-gallery__media--carousel\">\n\t\t\t\t<picture>\n\t\t\t\t\t<source media=\"(min-width: 1024px)\" srcset=\"https:\/\/antik-fuvar.com\/antik\/wp-content\/uploads\/sites\/3\/2023\/06\/kitunti1.png\">\n\t\t\t\t\t<source media=\"(min-width: 768px)\" srcset=\"https:\/\/antik-fuvar.com\/antik\/wp-content\/uploads\/sites\/3\/2023\/06\/kitunti1.png\">\n\t\t\t\t\t<img decoding=\"async\" class=\"spectra-image-gallery__media-thumbnail spectra-image-gallery__media-thumbnail--carousel\" src=\"https:\/\/antik-fuvar.com\/antik\/wp-content\/uploads\/sites\/3\/2023\/06\/kitunti1.png\" alt=\"\" loading=\"lazy\" \/>\n\t\t\t\t<\/picture>\n\t\t\t\t<div class=\"spectra-image-gallery__media-thumbnail-blurrer\"><\/div>\n\t\t\t\t\t\t\t\t\t\t\t<div class=\"spectra-image-gallery__media-thumbnail-caption-wrapper spectra-image-gallery__media-thumbnail-caption-wrapper--overlay\">\n\t\t\t\t\t\t\t\t\t\t\t<div class=\"spectra-image-gallery__media-thumbnail-caption spectra-image-gallery__media-thumbnail-caption--overlay\">\n\t\t\t\t\tKit\u00fcntet\u00e9sek\t\t\t\t<\/div>\n\t\t\t\t\t\t\t\t\t\t<\/div>\n\t\t\t\t\t\t\t\t\t<\/div>\n\t\t\t\t\t\t<\/div>\n\t\t\t\t\t\t<div class='spectra-image-gallery__media-wrapper' data-spectra-gallery-image-id='279'>\n\t\t\t\t\t\t\t<div class=\"spectra-image-gallery__media spectra-image-gallery__media--carousel\">\n\t\t\t\t<picture>\n\t\t\t\t\t<source media=\"(min-width: 1024px)\" srcset=\"https:\/\/antik-fuvar.com\/antik\/wp-content\/uploads\/sites\/3\/2023\/06\/rohams1.png\">\n\t\t\t\t\t<source media=\"(min-width: 768px)\" srcset=\"https:\/\/antik-fuvar.com\/antik\/wp-content\/uploads\/sites\/3\/2023\/06\/rohams1.png\">\n\t\t\t\t\t<img decoding=\"async\" class=\"spectra-image-gallery__media-thumbnail spectra-image-gallery__media-thumbnail--carousel\" src=\"https:\/\/antik-fuvar.com\/antik\/wp-content\/uploads\/sites\/3\/2023\/06\/rohams1.png\" alt=\"\" loading=\"lazy\" \/>\n\t\t\t\t<\/picture>\n\t\t\t\t<div class=\"spectra-image-gallery__media-thumbnail-blurrer\"><\/div>\n\t\t\t\t\t\t\t\t\t\t\t<div class=\"spectra-image-gallery__media-thumbnail-caption-wrapper spectra-image-gallery__media-thumbnail-caption-wrapper--overlay\">\n\t\t\t\t\t\t\t\t\t\t\t<div class=\"spectra-image-gallery__media-thumbnail-caption spectra-image-gallery__media-thumbnail-caption--overlay\">\n\t\t\t\t\tMilit\u00e1ria\t\t\t\t<\/div>\n\t\t\t\t\t\t\t\t\t\t<\/div>\n\t\t\t\t\t\t\t\t\t<\/div>\n\t\t\t\t\t\t<\/div>\n\t\t\t\t\t\t<div class='spectra-image-gallery__media-wrapper' data-spectra-gallery-image-id='277'>\n\t\t\t\t\t\t\t<div class=\"spectra-image-gallery__media spectra-image-gallery__media--carousel\">\n\t\t\t\t<picture>\n\t\t\t\t\t<source media=\"(min-width: 1024px)\" srcset=\"https:\/\/antik-fuvar.com\/antik\/wp-content\/uploads\/sites\/3\/2023\/06\/femtargy1.png\">\n\t\t\t\t\t<source media=\"(min-width: 768px)\" srcset=\"https:\/\/antik-fuvar.com\/antik\/wp-content\/uploads\/sites\/3\/2023\/06\/femtargy1.png\">\n\t\t\t\t\t<img decoding=\"async\" class=\"spectra-image-gallery__media-thumbnail spectra-image-gallery__media-thumbnail--carousel\" src=\"https:\/\/antik-fuvar.com\/antik\/wp-content\/uploads\/sites\/3\/2023\/06\/femtargy1.png\" alt=\"\" loading=\"lazy\" \/>\n\t\t\t\t<\/picture>\n\t\t\t\t<div class=\"spectra-image-gallery__media-thumbnail-blurrer\"><\/div>\n\t\t\t\t\t\t\t\t\t\t\t<div class=\"spectra-image-gallery__media-thumbnail-caption-wrapper spectra-image-gallery__media-thumbnail-caption-wrapper--overlay\">\n\t\t\t\t\t\t\t\t\t\t\t<div class=\"spectra-image-gallery__media-thumbnail-caption spectra-image-gallery__media-thumbnail-caption--overlay\">\n\t\t\t\t\tNemesf\u00e9m- \u00e9s d\u00edszt\u00e1rgyak\t\t\t\t<\/div>\n\t\t\t\t\t\t\t\t\t\t<\/div>\n\t\t\t\t\t\t\t\t\t<\/div>\n\t\t\t\t\t\t<\/div>\n\t\t\t\t\t\t<div class='spectra-image-gallery__media-wrapper' data-spectra-gallery-image-id='278'>\n\t\t\t\t\t\t\t<div class=\"spectra-image-gallery__media spectra-image-gallery__media--carousel\">\n\t\t\t\t<picture>\n\t\t\t\t\t<source media=\"(min-width: 1024px)\" srcset=\"https:\/\/antik-fuvar.com\/antik\/wp-content\/uploads\/sites\/3\/2023\/06\/porcelan2.png\">\n\t\t\t\t\t<source media=\"(min-width: 768px)\" srcset=\"https:\/\/antik-fuvar.com\/antik\/wp-content\/uploads\/sites\/3\/2023\/06\/porcelan2.png\">\n\t\t\t\t\t<img decoding=\"async\" class=\"spectra-image-gallery__media-thumbnail spectra-image-gallery__media-thumbnail--carousel\" src=\"https:\/\/antik-fuvar.com\/antik\/wp-content\/uploads\/sites\/3\/2023\/06\/porcelan2.png\" alt=\"\" loading=\"lazy\" \/>\n\t\t\t\t<\/picture>\n\t\t\t\t<div class=\"spectra-image-gallery__media-thumbnail-blurrer\"><\/div>\n\t\t\t\t\t\t\t\t\t\t\t<div class=\"spectra-image-gallery__media-thumbnail-caption-wrapper spectra-image-gallery__media-thumbnail-caption-wrapper--overlay\">\n\t\t\t\t\t\t\t\t\t\t\t<div class=\"spectra-image-gallery__media-thumbnail-caption spectra-image-gallery__media-thumbnail-caption--overlay\">\n\t\t\t\t\tPorcel\u00e1nok, ker\u00e1mi\u00e1k\t\t\t\t<\/div>\n\t\t\t\t\t\t\t\t\t\t<\/div>\n\t\t\t\t\t\t\t\t\t<\/div>\n\t\t\t\t\t\t<\/div>\n\t\t\t\t\t\t\t\t\t\t\t<\/div>\n\t\t\t\t\t\t\t<\/div>\n\t\t\t\t\t\t\t\t\t\t\t<\/div>\n\t\t\t\t\t\t\t\t\t","protected":false},"excerpt":{"rendered":"<p>Kateg\u00f3ri\u00e1k \u00c9kszerek V\u00e1s\u00e1rolunk arany \u00e9s ez\u00fcst \u00e9kszereket. Azonban jelenleg a piacot el\u00e1raszt\u00f3 modern aranyakra, mint pl. m\u00e1solt Versace fazon nem tartunk ig\u00e9nyt! Els\u0151sorban hazai, magyar f\u00e9mjeles \u00e9kszereket keres\u00fcnk. \u00c9rm\u00e9k, pap\u00edrp\u00e9nzek V\u00e1s\u00e1rolunk a numizmatikai anyagokat, gy\u0171jtem\u00e9nyeket: -\u00e9rm\u00e9ket-pap\u00edrp\u00e9nzeket Az \u00f3kort\u00f3l napjainkig bez\u00e1r\u00f3lag. Teljes gy\u0171jtem\u00e9nyek \u00e9s hagyat\u00e9kok eset\u00e9ben is d\u00edjtalan a kisz\u00e1ll\u00e1s! \u00c9rt\u00e9kbecsl\u00e9s T\u00e1rgyait, \u00e9rt\u00e9keit t\u00f6bb \u00e9vtizedes akt\u00edv &hellip;<\/p>\n<p class=\"read-more\"> <a class=\"\" href=\"https:\/\/antik-fuvar.com\/antik\/\">  Read More &raquo;<\/a><\/p>\n","protected":false},"author":1,"featured_media":68,"parent":0,"menu_order":0,"comment_status":"closed","ping_status":"closed","template":"","meta":{"_uag_custom_page_level_css":"","site-sidebar-layout":"default","site-content-layout":"default","ast-global-header-display":"","ast-main-header-display":"","ast-hfb-above-header-display":"","ast-hfb-below-header-display":"","ast-hfb-mobile-header-display":"","site-post-title":"","ast-breadcrumbs-content":"","ast-featured-img":"","footer-sml-layout":"","theme-transparent-header-meta":"","adv-header-id-meta":"","stick-header-meta":"","header-above-stick-meta":"","header-main-stick-meta":"","header-below-stick-meta":""},"uagb_featured_image_src":{"full":["https:\/\/antik-fuvar.com\/antik\/wp-content\/uploads\/sites\/3\/2023\/04\/5pengo_585x585.png",585,585,false],"thumbnail":["https:\/\/antik-fuvar.com\/antik\/wp-content\/uploads\/sites\/3\/2023\/04\/5pengo_585x585-150x150.png",150,150,true],"medium":["https:\/\/antik-fuvar.com\/antik\/wp-content\/uploads\/sites\/3\/2023\/04\/5pengo_585x585-300x300.png",300,300,true],"medium_large":["https:\/\/antik-fuvar.com\/antik\/wp-content\/uploads\/sites\/3\/2023\/04\/5pengo_585x585.png",585,585,false],"large":["https:\/\/antik-fuvar.com\/antik\/wp-content\/uploads\/sites\/3\/2023\/04\/5pengo_585x585.png",585,585,false],"1536x1536":["https:\/\/antik-fuvar.com\/antik\/wp-content\/uploads\/sites\/3\/2023\/04\/5pengo_585x585.png",585,585,false],"2048x2048":["https:\/\/antik-fuvar.com\/antik\/wp-content\/uploads\/sites\/3\/2023\/04\/5pengo_585x585.png",585,585,false]},"uagb_author_info":{"display_name":"marci.dvk@gmail.com","author_link":"https:\/\/antik-fuvar.com\/antik\/author\/marci-dvkgmail-com\/"},"uagb_comment_info":0,"uagb_excerpt":"Kateg\u00f3ri\u00e1k \u00c9kszerek V\u00e1s\u00e1rolunk arany \u00e9s ez\u00fcst \u00e9kszereket. Azonban jelenleg a piacot el\u00e1raszt\u00f3 modern aranyakra, mint pl. m\u00e1solt Versace fazon nem tartunk ig\u00e9nyt! Els\u0151sorban hazai, magyar f\u00e9mjeles \u00e9kszereket keres\u00fcnk. \u00c9rm\u00e9k, pap\u00edrp\u00e9nzek V\u00e1s\u00e1rolunk a numizmatikai anyagokat, gy\u0171jtem\u00e9nyeket: -\u00e9rm\u00e9ket-pap\u00edrp\u00e9nzeket Az \u00f3kort\u00f3l napjainkig bez\u00e1r\u00f3lag. Teljes gy\u0171jtem\u00e9nyek \u00e9s hagyat\u00e9kok eset\u00e9ben is d\u00edjtalan a kisz\u00e1ll\u00e1s! \u00c9rt\u00e9kbecsl\u00e9s T\u00e1rgyait, \u00e9rt\u00e9keit t\u00f6bb \u00e9vtizedes akt\u00edv&hellip;","_links":{"self":[{"href":"https:\/\/antik-fuvar.com\/antik\/wp-json\/wp\/v2\/pages\/5"}],"collection":[{"href":"https:\/\/antik-fuvar.com\/antik\/wp-json\/wp\/v2\/pages"}],"about":[{"href":"https:\/\/antik-fuvar.com\/antik\/wp-json\/wp\/v2\/types\/page"}],"author":[{"embeddable":true,"href":"https:\/\/antik-fuvar.com\/antik\/wp-json\/wp\/v2\/users\/1"}],"replies":[{"embeddable":true,"href":"https:\/\/antik-fuvar.com\/antik\/wp-json\/wp\/v2\/comments?post=5"}],"version-history":[{"count":45,"href":"https:\/\/antik-fuvar.com\/antik\/wp-json\/wp\/v2\/pages\/5\/revisions"}],"predecessor-version":[{"id":285,"href":"https:\/\/antik-fuvar.com\/antik\/wp-json\/wp\/v2\/pages\/5\/revisions\/285"}],"wp:featuredmedia":[{"embeddable":true,"href":"https:\/\/antik-fuvar.com\/antik\/wp-json\/wp\/v2\/media\/68"}],"wp:attachment":[{"href":"https:\/\/antik-fuvar.com\/antik\/wp-json\/wp\/v2\/media?parent=5"}],"curies":[{"name":"wp","href":"https:\/\/api.w.org\/{rel}","templated":true}]}}