{"id":239,"date":"2023-04-24T17:53:46","date_gmt":"2023-04-24T15:53:46","guid":{"rendered":"https:\/\/antik-fuvar.com\/antik\/?page_id=239"},"modified":"2023-04-24T18:09:10","modified_gmt":"2023-04-24T16:09:10","slug":"privacy-policy","status":"publish","type":"page","link":"https:\/\/antik-fuvar.com\/antik\/privacy-policy\/","title":{"rendered":"Privacy Policy"},"content":{"rendered":"\n<div class=\"wp-block-uagb-container uagb-block-bc4c8959 alignfull uagb-is-root-container\"><div class=\"uagb-container-inner-blocks-wrap\">\n<div class=\"wp-block-uagb-advanced-heading uagb-block-e8fa2876\"><h2 class=\"uagb-heading-text\">Privacy Policy<\/h2><p class=\"uagb-desc-text\">Adatkezel\u00e9si szab\u00e1lyzat<br>Az adatkezel\u0151<br>Az adatkezel\u0151 Diviki M\u00e1rton E.V. (sz\u00e9khely: 1071 Budapest, Dembinszky utca 39., ad\u00f3sz\u00e1m: 69874611-1-42, e-mail c\u00edm:&nbsp;<a href=\"mailto:info@antik-fuvar.com\">info@antik-fuvar.com<\/a>, telefonsz\u00e1m: +36 70 424 14 72).<br>Az adatkezel\u00e9s c\u00e9lja<br>Az adatkezel\u00e9s c\u00e9lja Diviki M\u00e1rton E.V. \u00e1ltal ny\u00fajtott szolg\u00e1ltat\u00e1sok ig\u00e9nybev\u00e9tele sor\u00e1n a felhaszn\u00e1l\u00f3k szem\u00e9lyes adatainak kezel\u00e9se, azok biztos\u00edt\u00e1sa, hogy a szolg\u00e1ltat\u00e1sokat biztons\u00e1gosan \u00e9s hat\u00e9konyan lehessen ig\u00e9nybe venni, \u00e9s a felhaszn\u00e1l\u00f3i \u00e9lm\u00e9ny jav\u00edt\u00e1sa.<br>Az adatkezel\u00e9s jogalapja<br>Az adatkezel\u00e9s jogalapja a felhaszn\u00e1l\u00f3k hozz\u00e1j\u00e1rul\u00e1sa az adatkezel\u00e9shez, az adatkezel\u0151 jogos \u00e9rdeke a szolg\u00e1ltat\u00e1sok ny\u00fajt\u00e1s\u00e1hoz, valamint az adatkezel\u00e9shez sz\u00fcks\u00e9ges jogszab\u00e1lyi el\u0151\u00edr\u00e1sok teljes\u00edt\u00e9se.<br>Az adatkezel\u00e9sre vonatkoz\u00f3 szem\u00e9lyes adatok k\u00f6r\u00e9nek meghat\u00e1roz\u00e1sa<br>Az adatkezel\u00e9s sor\u00e1n kezelt szem\u00e9lyes adatok k\u00f6r\u00e9 a k\u00f6vetkez\u0151k tartoznak:<br>n\u00e9v<br>e-mail c\u00edm<br>telefonsz\u00e1m<br>sz\u00e1ml\u00e1z\u00e1si \u00e9s sz\u00e1ll\u00edt\u00e1si c\u00edm<br>egy\u00e9b szem\u00e9lyes adatok, amelyeket a felhaszn\u00e1l\u00f3 az adatkezel\u0151vel megoszt<br>Az adatkezel\u00e9s id\u0151tartama<br>Az adatkezel\u0151 az adatokat az adatkezel\u00e9s c\u00e9lj\u00e1nak el\u00e9r\u00e9s\u00e9ig t\u00e1rolja, illetve ameddig az adatkezel\u00e9s jogalapja fenn\u00e1ll. Az adatkezel\u0151 t\u00f6rli az adatokat, ha azok m\u00e1r nem sz\u00fcks\u00e9gesek az adatkezel\u00e9s c\u00e9lj\u00e1nak el\u00e9r\u00e9s\u00e9hez, vagy ha a felhaszn\u00e1l\u00f3 k\u00e9ri azok t\u00f6rl\u00e9s\u00e9t.<br>Az adatkezel\u00e9s sor\u00e1n alkalmazott biztons\u00e1gi int\u00e9zked\u00e9sek<br>Az adatkezel\u0151 gondoskodik az adatok biztons\u00e1gos kezel\u00e9s\u00e9r\u0151l. Az adatkezel\u0151 megteszi azokat a megfelel\u0151 technikai \u00e9s szervez\u00e9si int\u00e9zked\u00e9seket, amelyek biztos\u00edtj\u00e1k az adatok v\u00e9delm\u00e9t a jogosulatlan hozz\u00e1f\u00e9r\u00e9st\u0151l.<\/p><\/div>\n<\/div><\/div>\n","protected":false},"excerpt":{"rendered":"","protected":false},"author":1,"featured_media":0,"parent":0,"menu_order":0,"comment_status":"closed","ping_status":"closed","template":"","meta":{"_uag_custom_page_level_css":"","site-sidebar-layout":"default","site-content-layout":"default","ast-global-header-display":"","ast-main-header-display":"","ast-hfb-above-header-display":"","ast-hfb-below-header-display":"","ast-hfb-mobile-header-display":"","site-post-title":"disabled","ast-breadcrumbs-content":"","ast-featured-img":"","footer-sml-layout":"","theme-transparent-header-meta":"","adv-header-id-meta":"","stick-header-meta":"","header-above-stick-meta":"","header-main-stick-meta":"","header-below-stick-meta":""},"uagb_featured_image_src":{"full":false,"thumbnail":false,"medium":false,"medium_large":false,"large":false,"1536x1536":false,"2048x2048":false},"uagb_author_info":{"display_name":"marci.dvk@gmail.com","author_link":"https:\/\/antik-fuvar.com\/antik\/author\/marci-dvkgmail-com\/"},"uagb_comment_info":0,"uagb_excerpt":null,"_links":{"self":[{"href":"https:\/\/antik-fuvar.com\/antik\/wp-json\/wp\/v2\/pages\/239"}],"collection":[{"href":"https:\/\/antik-fuvar.com\/antik\/wp-json\/wp\/v2\/pages"}],"about":[{"href":"https:\/\/antik-fuvar.com\/antik\/wp-json\/wp\/v2\/types\/page"}],"author":[{"embeddable":true,"href":"https:\/\/antik-fuvar.com\/antik\/wp-json\/wp\/v2\/users\/1"}],"replies":[{"embeddable":true,"href":"https:\/\/antik-fuvar.com\/antik\/wp-json\/wp\/v2\/comments?post=239"}],"version-history":[{"count":3,"href":"https:\/\/antik-fuvar.com\/antik\/wp-json\/wp\/v2\/pages\/239\/revisions"}],"predecessor-version":[{"id":255,"href":"https:\/\/antik-fuvar.com\/antik\/wp-json\/wp\/v2\/pages\/239\/revisions\/255"}],"wp:attachment":[{"href":"https:\/\/antik-fuvar.com\/antik\/wp-json\/wp\/v2\/media?parent=239"}],"curies":[{"name":"wp","href":"https:\/\/api.w.org\/{rel}","templated":true}]}}